{"id":30,"date":"2014-07-03T15:53:22","date_gmt":"2014-07-03T13:53:22","guid":{"rendered":"http:\/\/zabota.de\/?page_id=30"},"modified":"2023-05-06T21:25:37","modified_gmt":"2023-05-06T19:25:37","slug":"ueber","status":"publish","type":"page","link":"http:\/\/zabota.de\/?page_id=30","title":{"rendered":"zu Zabota"},"content":{"rendered":"<p><a href=\"http:\/\/zabota.de\/wp-content\/uploads\/2014\/07\/816B9945-2-spiegel.jpg\"><img loading=\"lazy\" class=\"alignleft wp-image-542 size-thumbnail\" src=\"http:\/\/zabota.de\/wp-content\/uploads\/2014\/07\/816B9945-2-spiegel-100x150.jpg\" alt=\"816B9945-2-spiegel\" width=\"100\" height=\"150\" srcset=\"http:\/\/zabota.de\/wp-content\/uploads\/2014\/07\/816B9945-2-spiegel-100x150.jpg 100w, http:\/\/zabota.de\/wp-content\/uploads\/2014\/07\/816B9945-2-spiegel-200x300.jpg 200w, http:\/\/zabota.de\/wp-content\/uploads\/2014\/07\/816B9945-2-spiegel-768x1152.jpg 768w, http:\/\/zabota.de\/wp-content\/uploads\/2014\/07\/816B9945-2-spiegel-683x1024.jpg 683w, http:\/\/zabota.de\/wp-content\/uploads\/2014\/07\/816B9945-2-spiegel-624x936.jpg 624w\" sizes=\"(max-width: 100px) 100vw, 100px\" \/><\/a><strong>Daniel Zabota<\/strong> ist Dipl.-Betriebswirt (FH), Journalist, Blogger<br \/>und Redakteur beim <a href=\"https:\/\/www.gea.de\/\" target=\"_blank\" rel=\"noopener\">GEA<\/a>.<br \/>(zu diesem Blog &#8211; siehe unten).<br \/>Seine Spezialit\u00e4t sind Magazine &#8211; Fach- und Publikums-<br \/>magazine: konzipieren, realisieren, f\u00fchren.<br \/>Das gilt f\u00fcr Printmedien und Events, aber auch digitale<br \/>Medien, Online-Magazine und Newsletter.<\/p>\r\n<p>Er verf\u00fcgt \u00fcber einen gro\u00dfen Erfahrungsschatz,<br \/>den er bei diversen Tageszeitungen und Zeitschriften als<br \/>Volont\u00e4r, Redakteur und Chefredakteur erworben hat.<\/p>\r\n<p>Von Wirtschaft versteht er mehr als ihm lieb ist.<br \/>Der, niemals abgeschlossene, Lernprozess begann nach<br \/>dem Abitur mit einer Ausbildung zum Industriekaufmann<br \/>in einem Holz verarbeitenden Betrieb.<\/p>\r\n<p>Wichtig <a href=\"http:\/\/zabota.de\/wp-content\/uploads\/2014\/07\/dz-2012-08-04-pass-da-cancian-2498m.jpg\"><img loading=\"lazy\" class=\"alignleft wp-image-108 size-medium\" src=\"http:\/\/zabota.de\/wp-content\/uploads\/2014\/07\/dz-2012-08-04-pass-da-cancian-2498m-300x225.jpg\" alt=\"dz-2012-08-04-pass-da-cancian-2498m\" width=\"300\" height=\"225\" srcset=\"http:\/\/zabota.de\/wp-content\/uploads\/2014\/07\/dz-2012-08-04-pass-da-cancian-2498m-300x225.jpg 300w, http:\/\/zabota.de\/wp-content\/uploads\/2014\/07\/dz-2012-08-04-pass-da-cancian-2498m-150x112.jpg 150w, http:\/\/zabota.de\/wp-content\/uploads\/2014\/07\/dz-2012-08-04-pass-da-cancian-2498m-1024x768.jpg 1024w, http:\/\/zabota.de\/wp-content\/uploads\/2014\/07\/dz-2012-08-04-pass-da-cancian-2498m-624x467.jpg 624w\" sizes=\"(max-width: 300px) 100vw, 300px\" \/><\/a>ist ihm die Familie und<br \/>das Engagement f\u00fcr<br \/>die Katholische Kirche.<\/p>\r\n<p>Fit h\u00e4lt er sich durch B\u00fccher lesen und Mountainbike fahren.<br \/>Das obere Foto entstand im August 2012 w\u00e4hrend einer<br \/>Alpentour auf dem Pass da Cancian in 2498 m H\u00f6he, das n\u00e4chste im August 2015<br \/>auf dem 1491 m hohen M. Mottarone,<br \/>dann im August 2017 kurz vor dem 1912 m hohen Mont Ventoux, im September 2020 in Epfendorf bei Rottweil auf dem Weg von Baisingen nach Bodman am Bodensee (140 km, 1400 hm) und beim Transalp auf dem San Bernardino im August 2022 (zum Vergr\u00f6\u00dfern anklicken). Eine <a href=\"https:\/\/www.schwarzwaelder-bote.de\/inhalt.nagolder-mitarbeiter-mit-muskelkraft-ueber-den-san-bernardino.2e3a9fed-eb90-4242-966c-e55934cf5b0f.html\" target=\"_blank\" rel=\"noopener\">Reportage<\/a> \u00fcber die Transalp-Tour erschien im Schwarzw\u00e4lder Boten.<\/p>\r\n<p><a href=\"http:\/\/zabota.de\/wp-content\/uploads\/2014\/07\/DSCN8266.jpg\"><img loading=\"lazy\" class=\"alignleft wp-image-341\" src=\"http:\/\/zabota.de\/wp-content\/uploads\/2014\/07\/DSCN8266-150x112.jpg\" alt=\"DSCN8266\" width=\"300\" height=\"224\" srcset=\"http:\/\/zabota.de\/wp-content\/uploads\/2014\/07\/DSCN8266-150x112.jpg 150w, http:\/\/zabota.de\/wp-content\/uploads\/2014\/07\/DSCN8266-300x225.jpg 300w, http:\/\/zabota.de\/wp-content\/uploads\/2014\/07\/DSCN8266-1024x768.jpg 1024w, http:\/\/zabota.de\/wp-content\/uploads\/2014\/07\/DSCN8266-624x467.jpg 624w\" sizes=\"(max-width: 300px) 100vw, 300px\" \/><\/a><\/p>\r\n<p><a href=\"http:\/\/zabota.de\/wp-content\/uploads\/2014\/07\/da3-E0828-Vnord-dav_1281.jpg\" target=\"_blank\" rel=\"noopener noreferrer\"><img loading=\"lazy\" class=\"alignleft wp-image-615 size-medium\" src=\"http:\/\/zabota.de\/wp-content\/uploads\/2014\/07\/da3-E0828-Vnord-dav_1281-300x199.jpg\" alt=\"\" width=\"300\" height=\"199\" srcset=\"http:\/\/zabota.de\/wp-content\/uploads\/2014\/07\/da3-E0828-Vnord-dav_1281-300x199.jpg 300w, http:\/\/zabota.de\/wp-content\/uploads\/2014\/07\/da3-E0828-Vnord-dav_1281-150x100.jpg 150w, http:\/\/zabota.de\/wp-content\/uploads\/2014\/07\/da3-E0828-Vnord-dav_1281-768x510.jpg 768w, http:\/\/zabota.de\/wp-content\/uploads\/2014\/07\/da3-E0828-Vnord-dav_1281-1024x680.jpg 1024w, http:\/\/zabota.de\/wp-content\/uploads\/2014\/07\/da3-E0828-Vnord-dav_1281-350x232.jpg 350w, http:\/\/zabota.de\/wp-content\/uploads\/2014\/07\/da3-E0828-Vnord-dav_1281-724x481.jpg 724w\" sizes=\"(max-width: 300px) 100vw, 300px\" \/><\/a><strong><br \/><\/strong><\/p>\r\n<h1>\u00a0<\/h1>\r\n<h1><a href=\"http:\/\/zabota.de\/wp-content\/uploads\/2020\/12\/baisingen-bodman.jpg\"><img loading=\"lazy\" class=\"alignleft wp-image-913\" src=\"http:\/\/zabota.de\/wp-content\/uploads\/2020\/12\/baisingen-bodman-150x150.jpg\" alt=\"\" width=\"241\" height=\"241\" \/><\/a><\/h1>\r\n<h1><img loading=\"lazy\" class=\"alignleft size-thumbnail wp-image-1110\" src=\"http:\/\/zabota.de\/wp-content\/uploads\/2022\/09\/IMG_0565-scaled-e1662396211374-150x150.jpg\" alt=\"\" width=\"150\" height=\"150\" srcset=\"http:\/\/zabota.de\/wp-content\/uploads\/2022\/09\/IMG_0565-scaled-e1662396211374-150x150.jpg 150w, http:\/\/zabota.de\/wp-content\/uploads\/2022\/09\/IMG_0565-scaled-e1662396211374-300x300.jpg 300w, http:\/\/zabota.de\/wp-content\/uploads\/2022\/09\/IMG_0565-scaled-e1662396211374-768x768.jpg 768w, http:\/\/zabota.de\/wp-content\/uploads\/2022\/09\/IMG_0565-scaled-e1662396211374-1536x1536.jpg 1536w, http:\/\/zabota.de\/wp-content\/uploads\/2022\/09\/IMG_0565-scaled-e1662396211374-2048x2048.jpg 2048w, http:\/\/zabota.de\/wp-content\/uploads\/2022\/09\/IMG_0565-scaled-e1662396211374-350x350.jpg 350w, http:\/\/zabota.de\/wp-content\/uploads\/2022\/09\/IMG_0565-scaled-e1662396211374-724x724.jpg 724w\" sizes=\"(max-width: 150px) 100vw, 150px\" \/><\/h1>\r\n<h1>\u00a0<\/h1>\r\n<h1>\u00a0<\/h1>\r\n<h1>\u00a0<\/h1>\r\n<h1>\u00a0<\/h1>\r\n<h1>\u00a0<\/h1>\r\n<h1>\u00a0<\/h1>\r\n<h1>ZU DIESEM BLOG<\/h1>\r\n<p><img loading=\"lazy\" class=\"alignleft size-thumbnail wp-image-133\" src=\"http:\/\/zabota.de\/wp-content\/uploads\/2014\/07\/Fotolia_50477767_XS-150x100.jpg\" alt=\"Tischkante\" width=\"150\" height=\"100\" srcset=\"http:\/\/zabota.de\/wp-content\/uploads\/2014\/07\/Fotolia_50477767_XS-150x100.jpg 150w, http:\/\/zabota.de\/wp-content\/uploads\/2014\/07\/Fotolia_50477767_XS-300x200.jpg 300w, http:\/\/zabota.de\/wp-content\/uploads\/2014\/07\/Fotolia_50477767_XS.jpg 424w\" sizes=\"(max-width: 150px) 100vw, 150px\" \/>Vorab \u2013 warum ich blogge oder \u2013 warum dieser Blog:<br \/>Also: Stellen Sie sich einen Schreiner vor.<br \/>Der gerade einen sch\u00f6nen Tisch fertig hat.<br \/>Da stehen Sie nun. Der Schreiner und der Tisch.<br \/>Der Schreiner freut sich \u00fcber seinen Tisch.<br \/>Schaut ihn an, f\u00fchlt die Oberfl\u00e4che des Holzes\u2026<\/p>\r\n<p>Und nun stellen Sie sich einen Journalisten vor.<br \/>Er hat einen sch\u00f6nen Artikel fertig.<br \/>Und jetzt?<br \/>Verkaufen w\u00e4re gut, ist aber mit Tischen leichter<br \/>als mit journalistischen Beitr\u00e4gen.<br \/>Also stellen wir ihn in ein Schaufenster.<br \/>Nicht anderes ist dieser Blog, ein Showroom<br \/>mit Arbeitsproben.<br \/>Und meine private Kolumne.<\/p>\r\n<p>Weitere Gr\u00fcnde zu bloggen gibt es <a href=\"http:\/\/www.lousypennies.de\/2014\/07\/27\/10-gruende-warum-journalisten-auf-keinen-fall-bloggen-sollten\/\" target=\"_blank\" rel=\"noopener noreferrer\">hier<\/a>.<\/p>\r\n\r\n<div class=\"wp-block-file\">\u00a0<\/div>\r\n\r\n\r\n\r\n<p>&nbsp;<\/p>\r\n","protected":false},"excerpt":{"rendered":"<p>Daniel Zabota ist Dipl.-Betriebswirt (FH), Journalist, Bloggerund Redakteur beim GEA.(zu diesem Blog &#8211; siehe unten).Seine Spezialit\u00e4t sind Magazine &#8211; Fach- und Publikums-magazine: konzipieren, realisieren, f\u00fchren.Das gilt f\u00fcr Printmedien und Events, &hellip;<\/p>\n","protected":false},"author":1,"featured_media":0,"parent":0,"menu_order":0,"comment_status":"closed","ping_status":"closed","template":"","meta":[],"_links":{"self":[{"href":"http:\/\/zabota.de\/index.php?rest_route=\/wp\/v2\/pages\/30"}],"collection":[{"href":"http:\/\/zabota.de\/index.php?rest_route=\/wp\/v2\/pages"}],"about":[{"href":"http:\/\/zabota.de\/index.php?rest_route=\/wp\/v2\/types\/page"}],"author":[{"embeddable":true,"href":"http:\/\/zabota.de\/index.php?rest_route=\/wp\/v2\/users\/1"}],"replies":[{"embeddable":true,"href":"http:\/\/zabota.de\/index.php?rest_route=%2Fwp%2Fv2%2Fcomments&post=30"}],"version-history":[{"count":47,"href":"http:\/\/zabota.de\/index.php?rest_route=\/wp\/v2\/pages\/30\/revisions"}],"predecessor-version":[{"id":1129,"href":"http:\/\/zabota.de\/index.php?rest_route=\/wp\/v2\/pages\/30\/revisions\/1129"}],"wp:attachment":[{"href":"http:\/\/zabota.de\/index.php?rest_route=%2Fwp%2Fv2%2Fmedia&parent=30"}],"curies":[{"name":"wp","href":"https:\/\/api.w.org\/{rel}","templated":true}]}}